{"id":4963,"date":"2022-05-09T21:21:47","date_gmt":"2022-05-09T19:21:47","guid":{"rendered":"https:\/\/france-lavignette.com\/?page_id=4963"},"modified":"2022-06-05T23:44:29","modified_gmt":"2022-06-05T21:44:29","slug":"cart-slo","status":"publish","type":"page","link":"https:\/\/france-lavignette.com\/sk\/cart-slo\/","title":{"rendered":"Cart &#8211; slo"},"content":{"rendered":"<div data-elementor-type=\"wp-page\" data-elementor-id=\"4963\" class=\"elementor elementor-4963\" data-elementor-post-type=\"page\">\n\t\t\t\t\t\t\t\t\t<section class=\"elementor-section elementor-top-section elementor-element elementor-element-27e057c3 elementor-section-boxed elementor-section-height-default elementor-section-height-default\" data-id=\"27e057c3\" data-element_type=\"section\">\n\t\t\t\t\t\t<div class=\"elementor-container elementor-column-gap-default\">\n\t\t\t\t\t<div class=\"elementor-column elementor-col-100 elementor-top-column elementor-element elementor-element-517b1a8b\" data-id=\"517b1a8b\" data-element_type=\"column\">\n\t\t\t<div class=\"elementor-widget-wrap elementor-element-populated\">\n\t\t\t\t\t\t\t\t<div class=\"elementor-element elementor-element-3dd49e92 de_scroll_animation_no elementor-widget elementor-widget-text-editor\" data-id=\"3dd49e92\" data-element_type=\"widget\" data-widget_type=\"text-editor.default\">\n\t\t\t\t<div class=\"elementor-widget-container\">\n\t\t\t\t\t\t\t<!-- wp:shortcode --><!-- \/wp:shortcode -->\t\t\t\t\t\t<\/div>\n\t\t\t\t<\/div>\n\t\t\t\t\t<\/div>\n\t\t<\/div>\n\t\t\t\t\t\t\t<\/div>\n\t\t<\/section>\n\t\t\t\t<section class=\"elementor-section elementor-top-section elementor-element elementor-element-ae1c3e4 elementor-section-full_width elementor-section-height-default elementor-section-height-default\" data-id=\"ae1c3e4\" data-element_type=\"section\">\n\t\t\t\t\t\t<div class=\"elementor-container elementor-column-gap-no\">\n\t\t\t\t\t<div class=\"elementor-column elementor-col-100 elementor-top-column elementor-element elementor-element-1c7a026\" data-id=\"1c7a026\" data-element_type=\"column\">\n\t\t\t<div class=\"elementor-widget-wrap elementor-element-populated\">\n\t\t\t\t\t\t\t\t<div class=\"elementor-element elementor-element-e02582a de_scroll_animation_no elementor-widget elementor-widget-copyright\" data-id=\"e02582a\" data-element_type=\"widget\" data-settings=\"{&quot;align_mobile&quot;:&quot;center&quot;,&quot;align&quot;:&quot;center&quot;}\" data-widget_type=\"copyright.default\">\n\t\t\t\t<div class=\"elementor-widget-container\">\n\t\t\t\t\t<div class=\"hfe-copyright-wrapper\">\n\t\t\t\t\t\t\t<span>\u00a9 2022. Alle rettigheder forbeholdes.<\/span>\n\t\t\t\t\t<\/div>\n\t\t\t\t<\/div>\n\t\t\t\t<\/div>\n\t\t\t\t<div class=\"elementor-element elementor-element-df815e4 de_scroll_animation_no elementor-widget elementor-widget-text-editor\" data-id=\"df815e4\" data-element_type=\"widget\" data-widget_type=\"text-editor.default\">\n\t\t\t\t<div class=\"elementor-widget-container\">\n\t\t\t\t\t\t\t<p><a style=\"color: #32cd32;\" href=\"https:\/\/france-lavignette.com\/sk\/mentions-legales-et-conditions-generales-de-ventes\/\">Betingelser og refunderingspolitik\u200b<\/a><\/p>\t\t\t\t\t\t<\/div>\n\t\t\t\t<\/div>\n\t\t\t\t\t<\/div>\n\t\t<\/div>\n\t\t\t\t\t\t\t<\/div>\n\t\t<\/section>\n\t\t\t\t\t\t\t<\/div>","protected":false},"excerpt":{"rendered":"<p>\u00a9 2022. Alle rettigheder forbeholdes. Betingelser og refunderingspolitik\u200b<\/p>","protected":false},"author":1,"featured_media":0,"parent":0,"menu_order":0,"comment_status":"closed","ping_status":"closed","template":"","meta":[],"yoast_head":"<!-- This site is optimized with the Yoast SEO plugin v20.12 - https:\/\/yoast.com\/wordpress\/plugins\/seo\/ -->\n<title>Cart - slo - Vignette Crit&#039;Air<\/title>\n<meta name=\"robots\" content=\"index, follow, max-snippet:-1, max-image-preview:large, max-video-preview:-1\" \/>\n<link rel=\"canonical\" href=\"https:\/\/france-lavignette.com\/sk\/cart-slo\/\" \/>\n<meta property=\"og:locale\" content=\"sk_SK\" \/>\n<meta property=\"og:type\" content=\"article\" \/>\n<meta property=\"og:title\" content=\"Cart - slo - Vignette Crit&#039;Air\" \/>\n<meta property=\"og:description\" content=\"\u00a9 2022. Alle rettigheder forbeholdes. Betingelser og refunderingspolitik\u200b\" \/>\n<meta property=\"og:url\" content=\"https:\/\/france-lavignette.com\/sk\/cart-slo\/\" \/>\n<meta property=\"og:site_name\" content=\"Vignette Crit&#039;Air\" \/>\n<meta property=\"article:modified_time\" content=\"2022-06-05T21:44:29+00:00\" \/>\n<meta name=\"twitter:card\" content=\"summary_large_image\" \/>\n<meta name=\"twitter:label1\" content=\"Predpokladan\u00fd \u010das \u010d\u00edtania\" \/>\n\t<meta name=\"twitter:data1\" content=\"1 min\u00fata\" \/>\n<script type=\"application\/ld+json\" class=\"yoast-schema-graph\">{\"@context\":\"https:\/\/schema.org\",\"@graph\":[{\"@type\":\"WebPage\",\"@id\":\"https:\/\/france-lavignette.com\/sk\/cart-slo\/\",\"url\":\"https:\/\/france-lavignette.com\/sk\/cart-slo\/\",\"name\":\"Cart - slo - Vignette Crit&#039;Air\",\"isPartOf\":{\"@id\":\"https:\/\/france-lavignette.com\/sk\/#website\"},\"datePublished\":\"2022-05-09T19:21:47+00:00\",\"dateModified\":\"2022-06-05T21:44:29+00:00\",\"breadcrumb\":{\"@id\":\"https:\/\/france-lavignette.com\/sk\/cart-slo\/#breadcrumb\"},\"inLanguage\":\"sk-SK\",\"potentialAction\":[{\"@type\":\"ReadAction\",\"target\":[\"https:\/\/france-lavignette.com\/sk\/cart-slo\/\"]}]},{\"@type\":\"BreadcrumbList\",\"@id\":\"https:\/\/france-lavignette.com\/sk\/cart-slo\/#breadcrumb\",\"itemListElement\":[{\"@type\":\"ListItem\",\"position\":1,\"name\":\"Home\",\"item\":\"https:\/\/france-lavignette.com\/sk\/\"},{\"@type\":\"ListItem\",\"position\":2,\"name\":\"Cart &#8211; slo\"}]},{\"@type\":\"WebSite\",\"@id\":\"https:\/\/france-lavignette.com\/sk\/#website\",\"url\":\"https:\/\/france-lavignette.com\/sk\/\",\"name\":\"Vignette Crit&#039;Air\",\"description\":\"France\",\"potentialAction\":[{\"@type\":\"SearchAction\",\"target\":{\"@type\":\"EntryPoint\",\"urlTemplate\":\"https:\/\/france-lavignette.com\/sk\/?s={search_term_string}\"},\"query-input\":\"required name=search_term_string\"}],\"inLanguage\":\"sk-SK\"}]}<\/script>\n<!-- \/ Yoast SEO plugin. -->","yoast_head_json":{"title":"Cart - slo - Vignette Crit&#039;Air","robots":{"index":"index","follow":"follow","max-snippet":"max-snippet:-1","max-image-preview":"max-image-preview:large","max-video-preview":"max-video-preview:-1"},"canonical":"https:\/\/france-lavignette.com\/sk\/cart-slo\/","og_locale":"sk_SK","og_type":"article","og_title":"Cart - slo - Vignette Crit&#039;Air","og_description":"\u00a9 2022. Alle rettigheder forbeholdes. Betingelser og refunderingspolitik\u200b","og_url":"https:\/\/france-lavignette.com\/sk\/cart-slo\/","og_site_name":"Vignette Crit&#039;Air","article_modified_time":"2022-06-05T21:44:29+00:00","twitter_card":"summary_large_image","twitter_misc":{"Predpokladan\u00fd \u010das \u010d\u00edtania":"1 min\u00fata"},"schema":{"@context":"https:\/\/schema.org","@graph":[{"@type":"WebPage","@id":"https:\/\/france-lavignette.com\/sk\/cart-slo\/","url":"https:\/\/france-lavignette.com\/sk\/cart-slo\/","name":"Cart - slo - Vignette Crit&#039;Air","isPartOf":{"@id":"https:\/\/france-lavignette.com\/sk\/#website"},"datePublished":"2022-05-09T19:21:47+00:00","dateModified":"2022-06-05T21:44:29+00:00","breadcrumb":{"@id":"https:\/\/france-lavignette.com\/sk\/cart-slo\/#breadcrumb"},"inLanguage":"sk-SK","potentialAction":[{"@type":"ReadAction","target":["https:\/\/france-lavignette.com\/sk\/cart-slo\/"]}]},{"@type":"BreadcrumbList","@id":"https:\/\/france-lavignette.com\/sk\/cart-slo\/#breadcrumb","itemListElement":[{"@type":"ListItem","position":1,"name":"Home","item":"https:\/\/france-lavignette.com\/sk\/"},{"@type":"ListItem","position":2,"name":"Cart &#8211; slo"}]},{"@type":"WebSite","@id":"https:\/\/france-lavignette.com\/sk\/#website","url":"https:\/\/france-lavignette.com\/sk\/","name":"Vignette Crit&#039;Air","description":"France","potentialAction":[{"@type":"SearchAction","target":{"@type":"EntryPoint","urlTemplate":"https:\/\/france-lavignette.com\/sk\/?s={search_term_string}"},"query-input":"required name=search_term_string"}],"inLanguage":"sk-SK"}]}},"lang":"sk","translations":{"sk":4963,"nb":6186,"da":6176,"sv":6172,"en":4949,"nl":3980,"de":4951,"lt":4966,"lv":4957,"et":4960,"it":4970,"es":4952,"fr":8},"_links":{"self":[{"href":"https:\/\/france-lavignette.com\/sk\/wp-json\/wp\/v2\/pages\/4963"}],"collection":[{"href":"https:\/\/france-lavignette.com\/sk\/wp-json\/wp\/v2\/pages"}],"about":[{"href":"https:\/\/france-lavignette.com\/sk\/wp-json\/wp\/v2\/types\/page"}],"author":[{"embeddable":true,"href":"https:\/\/france-lavignette.com\/sk\/wp-json\/wp\/v2\/users\/1"}],"replies":[{"embeddable":true,"href":"https:\/\/france-lavignette.com\/sk\/wp-json\/wp\/v2\/comments?post=4963"}],"version-history":[{"count":0,"href":"https:\/\/france-lavignette.com\/sk\/wp-json\/wp\/v2\/pages\/4963\/revisions"}],"wp:attachment":[{"href":"https:\/\/france-lavignette.com\/sk\/wp-json\/wp\/v2\/media?parent=4963"}],"curies":[{"name":"wp","href":"https:\/\/api.w.org\/{rel}","templated":true}]}}